{"id":219,"date":"2020-05-12T03:43:04","date_gmt":"2020-05-12T03:43:04","guid":{"rendered":"https:\/\/marmoleslamontana.es\/index.php\/services\/"},"modified":"2023-09-15T09:01:04","modified_gmt":"2023-09-15T09:01:04","slug":"services","status":"publish","type":"page","link":"https:\/\/marmoleslamontana.es\/index.php\/services\/","title":{"rendered":"Servicios"},"content":{"rendered":"\n<div class=\"wp-block-uagb-container uagb-block-e026cdab alignfull uagb-is-root-container\"><div class=\"uagb-container-inner-blocks-wrap\">\n<div class=\"wp-block-uagb-advanced-heading uagb-block-9371147d\"><h1 class=\"uagb-heading-text\"><strong>Encimeras de m\u00e1rmol en Santa Cruz de Tenerife<\/strong><\/h1><\/div>\n<\/div><\/div>\n\n\n\n<div class=\"wp-block-uagb-container uagb-block-bcefe32f alignfull uagb-is-root-container\"><div class=\"uagb-container-inner-blocks-wrap\">\n<div class=\"wp-block-uagb-advanced-heading uagb-block-ea796dcc\"><h2 class=\"uagb-heading-text\">Nuestros servicios<\/h2><p class=\"uagb-desc-text\">Bienvenidos a M\u00e1rmoles la Monta\u00f1a, tu fuente confiable para encimeras de m\u00e1rmol en Santa Cruz de Tenerife. Nuestra empresa se especializa en ofrecer soluciones de m\u00e1rmol excepcionales que transforman tus espacios en verdaderas obras maestras de la arquitectura. Con una pasi\u00f3n por el dise\u00f1o y un compromiso con la calidad, estamos aqu\u00ed para hacer realidad tus sue\u00f1os de encimeras de m\u00e1rmol exquisitas.<\/p><\/div>\n\n\n\n<div class=\"wp-block-uagb-container uagb-block-c1ee1580\">\n<div class=\"wp-block-uagb-container uagb-block-a882574c\">\n<div class=\"wp-block-uagb-info-box uagb-block-90689cbd uagb-infobox__content-wrap  uagb-infobox-icon-above-title uagb-infobox-image-valign-top\"><div class=\"uagb-ifb-content\"><div class=\"uagb-ifb-image-content\"><img decoding=\"async\" src=\"https:\/\/marmoleslamontana.es\/wp-content\/uploads\/2023\/04\/systems.png\" alt=\"\" width=\"18\" height=\"18\" loading=\"lazy\"\/><\/div><div class=\"uagb-ifb-title-wrap\"><h5 class=\"uagb-ifb-title\">Selecci\u00f3n de materiales de alta calidad<\/h5><\/div><p class=\"uagb-ifb-desc\">En M\u00e1rmoles La Monta\u00f1a, te ayudamos a elegir los materiales ideales para tu proyecto. Nuestro equipo de expertos en piedra natural y artificial eval\u00faa cada tipo de material seg\u00fan su durabilidad, est\u00e9tica y precio, para asesorarte en la elecci\u00f3n de los mejores materiales de alta calidad.<\/p><\/div><\/div>\n\n\n\n<div class=\"wp-block-uagb-info-box uagb-block-b3fa7f71 uagb-infobox__content-wrap  uagb-infobox-icon-above-title uagb-infobox-image-valign-top\"><div class=\"uagb-ifb-content\"><div class=\"uagb-ifb-image-content\"><img decoding=\"async\" src=\"https:\/\/marmoleslamontana.es\/wp-content\/uploads\/2023\/04\/system.png\" alt=\"\" width=\"18\" height=\"18\" loading=\"lazy\"\/><\/div><div class=\"uagb-ifb-title-wrap\"><h5 class=\"uagb-ifb-title\">Fabricaci\u00f3n e instalaci\u00f3n de encimeras y revestimientos<\/h5><\/div><p class=\"uagb-ifb-desc\">En M\u00e1rmoles La Monta\u00f1a, fabricamos e instalamos encimeras y revestimientos de piedra natural y artificial para dar a tus espacios un toque de elegancia y durabilidad. Trabajamos con una amplia variedad de materiales y utilizamos t\u00e9cnicas de corte y pulido de \u00faltima generaci\u00f3n para asegurar un acabado perfecto y a medida para cada proyecto. <\/p><\/div><\/div>\n\n\n\n<div class=\"wp-block-uagb-info-box uagb-block-abb04381 uagb-infobox__content-wrap  uagb-infobox-icon-above-title uagb-infobox-image-valign-top\"><div class=\"uagb-ifb-content\"><div class=\"uagb-ifb-image-content\"><img decoding=\"async\" src=\"https:\/\/marmoleslamontana.es\/wp-content\/uploads\/2023\/04\/system-man.png\" alt=\"\" width=\"19\" height=\"19\" loading=\"lazy\"\/><\/div><div class=\"uagb-ifb-title-wrap\"><h5 class=\"uagb-ifb-title\">Asesoramiento personalizado<\/h5><\/div><p class=\"uagb-ifb-desc\">En M\u00e1rmoles La Monta\u00f1a, ofrecemos un asesoramiento personalizado para la elecci\u00f3n de materiales y dise\u00f1o para tus proyectos de piedra natural y artificial. Nuestro equipo de expertos est\u00e1 capacitado para evaluar cada tipo de material y guiar a nuestros clientes en cada etapa del proceso. Si buscas un servicio personalizado para hacer realidad tus proyectos de dise\u00f1o, en M\u00e1rmoles La Monta\u00f1a estamos aqu\u00ed para ayudarte.<\/p><\/div><\/div>\n<\/div>\n<\/div>\n\n\n\n<div class=\"wp-block-uagb-advanced-heading uagb-block-fc683b49\"><h2 class=\"uagb-heading-text\"><strong>Cont\u00e1ctanos para obtener un presupuesto personalizado<\/strong><\/h2><p class=\"uagb-desc-text\">En M\u00e1rmoles la Monta\u00f1a, entendemos que la calidad comienza con la elecci\u00f3n de los materiales adecuados. Trabajamos con los bloques de m\u00e1rmol m\u00e1s finos disponibles en Santa Cruz de Tenerife y seleccionamos cuidadosamente cada pieza para garantizar que cumpla con nuestros est\u00e1ndares de excelencia. Nuestro enfoque en la calidad nos ha convertido en l\u00edderes en la industria de encimeras de m\u00e1rmol.<br><br>Nuestro equipo de expertos artesanos lleva la excelencia en la fabricaci\u00f3n e instalaci\u00f3n de encimeras y revestimientos de m\u00e1rmol a un nuevo nivel. Cada proyecto es tratado con precisi\u00f3n y dedicaci\u00f3n, asegurando que cada detalle sea perfecto. Desde cocinas elegantes hasta ba\u00f1os lujosos, creamos espacios que deslumbran.<br><br>Entendemos que cada cliente es \u00fanico y tiene necesidades espec\u00edficas. Ofrecemos un asesoramiento personalizado para ayudarte a elegir el m\u00e1rmol perfecto que se adapte a tu estilo y necesidades. Nuestros expertos te guiar\u00e1n en cada paso del proceso, desde la selecci\u00f3n del material hasta la instalaci\u00f3n final.<\/p><\/div>\n<\/div><\/div>\n\n\n\n<div class=\"wp-block-uagb-container uagb-block-faed6420 alignfull uagb-is-root-container\"><div class=\"uagb-container-inner-blocks-wrap\">\n<div class=\"wp-block-uagb-advanced-heading uagb-block-508c3351\"><h3 class=\"uagb-heading-text\">\u00a1Llama ahora para solicitar tu presupuesto personalizado!<\/h3><\/div>\n\n\n\n<div class=\"wp-block-uagb-container uagb-block-0bb283a8\">\n<div class=\"wp-block-uagb-buttons uagb-buttons__outer-wrap uagb-btn__default-btn uagb-btn-tablet__default-btn uagb-btn-mobile__default-btn uagb-block-b555c080\"><div class=\"uagb-buttons__wrap uagb-buttons-layout-wrap\">\n<div class=\"wp-block-uagb-buttons-child uagb-buttons__outer-wrap uagb-block-e9a1cf2a wp-block-button is-style-outline\"><div class=\"uagb-button__wrapper\"><a class=\"uagb-buttons-repeater wp-block-button__link\" href=\"#\" onclick=\"return false;\" rel=\"follow noopener\" target=\"_self\"><span class=\"uagb-button__icon uagb-button__icon-position-before\"><svg xmlns=\"https:\/\/www.w3.org\/2000\/svg\" viewBox=\"0 0 512 512\"><path d=\"M18.92 351.2l108.5-46.52c12.78-5.531 27.77-1.801 36.45 8.98l44.09 53.82c69.25-34 125.5-90.31 159.5-159.5l-53.81-44.04c-10.75-8.781-14.41-23.69-8.974-36.47l46.51-108.5c6.094-13.91 21.1-21.52 35.79-18.11l100.8 23.25c14.25 3.25 24.22 15.8 24.22 30.46c0 252.3-205.2 457.5-457.5 457.5c-14.67 0-27.18-9.968-30.45-24.22l-23.25-100.8C-2.571 372.4 5.018 357.2 18.92 351.2z\"><\/path><\/svg><\/span><div class=\"uagb-button__link\">922 62 00 20<\/div><\/a><\/div><\/div>\n<\/div><\/div>\n<\/div>\n<\/div><\/div>\n\n\n\n<div class=\"wp-block-uagb-container uagb-block-f5f5f816 alignfull uagb-is-root-container\"><div class=\"uagb-container-inner-blocks-wrap\">\n<div class=\"wp-block-uagb-container uagb-block-3d255f66\">\n<div class=\"wp-block-uagb-image uagb-block-6af35821 wp-block-uagb-image--layout-default wp-block-uagb-image--effect-static wp-block-uagb-image--align-none\"><figure class=\"wp-block-uagb-image__figure\"><img decoding=\"async\" srcset=\"https:\/\/3.8.139.14\/wp-content\/uploads\/2023\/04\/ac-technician-woman-1.png \" src=\"https:\/\/3.8.139.14\/wp-content\/uploads\/2023\/04\/ac-technician-woman-1.png\" alt=\"\" class=\"uag-image-456\" width=\"\" height=\"\" title=\"\" loading=\"lazy\"\/><\/figure><\/div>\n<\/div>\n\n\n\n<div class=\"wp-block-uagb-container uagb-block-40d5e805\">\n<div class=\"wp-block-uagb-advanced-heading uagb-block-22b76388\"><h2 class=\"uagb-heading-text\">Preguntas Generales!<\/h2><\/div>\n\n\n<div class=\"wp-block-uagb-faq uagb-faq__outer-wrap uagb-block-24622f12 uagb-faq-icon-row-reverse uagb-faq-layout-accordion uagb-faq-expand-first-false uagb-faq-inactive-other-true uagb-faq__wrap uagb-buttons-layout-wrap uagb-faq-equal-height     \" data-faqtoggle=\"true\" role=\"tablist\"><div class=\"wp-block-uagb-faq-child uagb-faq-child__outer-wrap uagb-faq-item uagb-block-879620cf \" role=\"tab\" tabindex=\"0\"><div class=\"uagb-faq-questions-button uagb-faq-questions\">\t\t\t<span class=\"uagb-icon uagb-faq-icon-wrap\">\n\t\t\t\t\t\t\t<\/span>\n\t\t\t\t\t\t<span class=\"uagb-icon-active uagb-faq-icon-wrap\">\n\t\t\t\t\t\t\t\t<svg xmlns=\"https:\/\/www.w3.org\/2000\/svg\" viewBox= \"0 0 320 512\"><path d=\"M9.39 265.4l127.1-128C143.6 131.1 151.8 128 160 128s16.38 3.125 22.63 9.375l127.1 128c9.156 9.156 11.9 22.91 6.943 34.88S300.9 320 287.1 320H32.01c-12.94 0-24.62-7.781-29.58-19.75S.2333 274.5 9.39 265.4z\"><\/path><\/svg>\n\t\t\t\t\t\t\t<\/span>\n\t\t\t<span class=\"uagb-question\">\u00bfC\u00f3mo puedo solicitar un presupuesto para mi proyecto de piedra natural y artificial?<\/span><\/div><div class=\"uagb-faq-content\"><p>Puedes llamar o completar nuestro formulario en l\u00ednea para solicitar un presupuesto personalizado.<\/p><\/div><\/div><div class=\"wp-block-uagb-faq-child uagb-faq-child__outer-wrap uagb-faq-item uagb-block-49c605e5 \" role=\"tab\" tabindex=\"0\"><div class=\"uagb-faq-questions-button uagb-faq-questions\">\t\t\t<span class=\"uagb-icon uagb-faq-icon-wrap\">\n\t\t\t\t\t\t\t<\/span>\n\t\t\t\t\t\t<span class=\"uagb-icon-active uagb-faq-icon-wrap\">\n\t\t\t\t\t\t\t\t<svg xmlns=\"https:\/\/www.w3.org\/2000\/svg\" viewBox= \"0 0 320 512\"><path d=\"M9.39 265.4l127.1-128C143.6 131.1 151.8 128 160 128s16.38 3.125 22.63 9.375l127.1 128c9.156 9.156 11.9 22.91 6.943 34.88S300.9 320 287.1 320H32.01c-12.94 0-24.62-7.781-29.58-19.75S.2333 274.5 9.39 265.4z\"><\/path><\/svg>\n\t\t\t\t\t\t\t<\/span>\n\t\t\t<span class=\"uagb-question\">\u00bfQu\u00e9 tipos de piedra natural y artificial trabajan en M\u00e1rmoles La Monta\u00f1a?<\/span><\/div><div class=\"uagb-faq-content\"><p>Trabajamos con granitos, silestone, m\u00e1rmoles y otras piedras naturales y artificiales.<\/p><\/div><\/div><div class=\"wp-block-uagb-faq-child uagb-faq-child__outer-wrap uagb-faq-item uagb-block-ff237d92 \" role=\"tab\" tabindex=\"0\"><div class=\"uagb-faq-questions-button uagb-faq-questions\">\t\t\t<span class=\"uagb-icon uagb-faq-icon-wrap\">\n\t\t\t\t\t\t\t<\/span>\n\t\t\t\t\t\t<span class=\"uagb-icon-active uagb-faq-icon-wrap\">\n\t\t\t\t\t\t\t\t<svg xmlns=\"https:\/\/www.w3.org\/2000\/svg\" viewBox= \"0 0 320 512\"><path d=\"M9.39 265.4l127.1-128C143.6 131.1 151.8 128 160 128s16.38 3.125 22.63 9.375l127.1 128c9.156 9.156 11.9 22.91 6.943 34.88S300.9 320 287.1 320H32.01c-12.94 0-24.62-7.781-29.58-19.75S.2333 274.5 9.39 265.4z\"><\/path><\/svg>\n\t\t\t\t\t\t\t<\/span>\n\t\t\t<span class=\"uagb-question\">\u00bfPuedo ver muestras de los materiales antes de tomar una decisi\u00f3n?<\/span><\/div><div class=\"uagb-faq-content\"><p>S\u00ed, contamos con una amplia variedad de muestras de materiales en nuestra tienda, y podemos ayudarte a seleccionar el material adecuado para tu proyecto..<\/p><\/div><\/div><div class=\"wp-block-uagb-faq-child uagb-faq-child__outer-wrap uagb-faq-item uagb-block-8edba29f \" role=\"tab\" tabindex=\"0\"><div class=\"uagb-faq-questions-button uagb-faq-questions\">\t\t\t<span class=\"uagb-icon uagb-faq-icon-wrap\">\n\t\t\t\t\t\t\t<\/span>\n\t\t\t\t\t\t<span class=\"uagb-icon-active uagb-faq-icon-wrap\">\n\t\t\t\t\t\t\t\t<svg xmlns=\"https:\/\/www.w3.org\/2000\/svg\" viewBox= \"0 0 320 512\"><path d=\"M9.39 265.4l127.1-128C143.6 131.1 151.8 128 160 128s16.38 3.125 22.63 9.375l127.1 128c9.156 9.156 11.9 22.91 6.943 34.88S300.9 320 287.1 320H32.01c-12.94 0-24.62-7.781-29.58-19.75S.2333 274.5 9.39 265.4z\"><\/path><\/svg>\n\t\t\t\t\t\t\t<\/span>\n\t\t\t<span class=\"uagb-question\">\u00bfCu\u00e1nto tiempo tarda el proceso de fabricaci\u00f3n e instalaci\u00f3n?<\/span><\/div><div class=\"uagb-faq-content\"><p>El tiempo de fabricaci\u00f3n e instalaci\u00f3n depende del tama\u00f1o y la complejidad de tu proyecto, pero nuestro equipo se esfuerza por ofrecer un servicio r\u00e1pido y eficiente.<\/p><\/div><\/div><\/div><\/div>\n<\/div><\/div>\n\n\n\n<div class=\"wp-block-uagb-container uagb-block-4c5fec05 alignfull uagb-is-root-container\"><div class=\"uagb-container-inner-blocks-wrap\">\n<div class=\"wp-block-uagb-container uagb-block-fcc736d9\">\n<figure class=\"wp-block-image aligncenter size-large is-resized\"><img loading=\"lazy\" decoding=\"async\" src=\"https:\/\/marmoleslamontana.es\/wp-content\/uploads\/2023\/09\/kit-digital-Logo-digitalizadores-1024x153.jpg\" alt=\"\" class=\"wp-image-1142\" width=\"1320\" height=\"197\" srcset=\"https:\/\/marmoleslamontana.es\/wp-content\/uploads\/2023\/09\/kit-digital-Logo-digitalizadores-1024x153.jpg 1024w, https:\/\/marmoleslamontana.es\/wp-content\/uploads\/2023\/09\/kit-digital-Logo-digitalizadores-300x45.jpg 300w, https:\/\/marmoleslamontana.es\/wp-content\/uploads\/2023\/09\/kit-digital-Logo-digitalizadores-768x115.jpg 768w, https:\/\/marmoleslamontana.es\/wp-content\/uploads\/2023\/09\/kit-digital-Logo-digitalizadores.jpg 1463w\" sizes=\"auto, (max-width: 1320px) 100vw, 1320px\" \/><\/figure>\n<\/div>\n<\/div><\/div>\n","protected":false},"excerpt":{"rendered":"<p>Encimeras de m\u00e1rmol en Santa Cruz de Tenerife Nuestros servicios Bienvenidos a M\u00e1rmoles la Monta\u00f1a, tu fuente confiable para encimeras de m\u00e1rmol en Santa Cruz de Tenerife. Nuestra empresa se especializa en ofrecer soluciones de m\u00e1rmol excepcionales que transforman tus espacios en verdaderas obras maestras de la arquitectura. Con una pasi\u00f3n por el dise\u00f1o y &hellip;<\/p>\n<p class=\"read-more\"> <a class=\"\" href=\"https:\/\/marmoleslamontana.es\/index.php\/services\/\"> <span class=\"screen-reader-text\">Servicios<\/span> Leer m\u00e1s &raquo;<\/a><\/p>\n","protected":false},"author":1,"featured_media":0,"parent":0,"menu_order":0,"comment_status":"closed","ping_status":"closed","template":"","meta":{"_uag_custom_page_level_css":"","site-sidebar-layout":"no-sidebar","site-content-layout":"plain-container","ast-global-header-display":"","ast-main-header-display":"","ast-hfb-above-header-display":"","ast-hfb-below-header-display":"","ast-hfb-mobile-header-display":"","site-post-title":"disabled","ast-breadcrumbs-content":"","ast-featured-img":"disabled","footer-sml-layout":"","theme-transparent-header-meta":"enabled","adv-header-id-meta":"","stick-header-meta":"","header-above-stick-meta":"","header-main-stick-meta":"","header-below-stick-meta":"","footnotes":""},"class_list":["post-219","page","type-page","status-publish","hentry"],"yoast_head":"<!-- This site is optimized with the Yoast SEO plugin v24.2 - https:\/\/yoast.com\/wordpress\/plugins\/seo\/ -->\n<title>Encimeras de M\u00e1rmol en Santa Cruz de Tenerife - Marmoles La Monta\u00f1a<\/title>\n<meta name=\"description\" content=\"Encimeras de M\u00e1rmol en Santa Cruz de Tenerife. Ofrecemos m\u00e1rmol de alta calidad y asesoramiento personalizado para transformar tus espacios.\" \/>\n<meta name=\"robots\" content=\"index, follow, max-snippet:-1, max-image-preview:large, max-video-preview:-1\" \/>\n<link rel=\"canonical\" href=\"https:\/\/marmoleslamontana.es\/index.php\/services\/\" \/>\n<meta property=\"og:locale\" content=\"es_ES\" \/>\n<meta property=\"og:type\" content=\"article\" \/>\n<meta property=\"og:title\" content=\"Encimeras de M\u00e1rmol en Santa Cruz de Tenerife - Marmoles La Monta\u00f1a\" \/>\n<meta property=\"og:description\" content=\"Encimeras de M\u00e1rmol en Santa Cruz de Tenerife. Ofrecemos m\u00e1rmol de alta calidad y asesoramiento personalizado para transformar tus espacios.\" \/>\n<meta property=\"og:url\" content=\"https:\/\/marmoleslamontana.es\/index.php\/services\/\" \/>\n<meta property=\"og:site_name\" content=\"Marmoles La Monta\u00f1a\" \/>\n<meta property=\"article:modified_time\" content=\"2023-09-15T09:01:04+00:00\" \/>\n<meta property=\"og:image\" content=\"http:\/\/marmoleslamontana.es\/wp-content\/uploads\/2023\/04\/systems.png\" \/>\n<meta name=\"twitter:card\" content=\"summary_large_image\" \/>\n<meta name=\"twitter:label1\" content=\"Tiempo de lectura\" \/>\n\t<meta name=\"twitter:data1\" content=\"4 minutos\" \/>\n<script type=\"application\/ld+json\" class=\"yoast-schema-graph\">{\"@context\":\"https:\/\/schema.org\",\"@graph\":[{\"@type\":\"WebPage\",\"@id\":\"https:\/\/marmoleslamontana.es\/index.php\/services\/\",\"url\":\"https:\/\/marmoleslamontana.es\/index.php\/services\/\",\"name\":\"Encimeras de M\u00e1rmol en Santa Cruz de Tenerife - Marmoles La Monta\u00f1a\",\"isPartOf\":{\"@id\":\"https:\/\/marmoleslamontana.es\/#website\"},\"primaryImageOfPage\":{\"@id\":\"https:\/\/marmoleslamontana.es\/index.php\/services\/#primaryimage\"},\"image\":{\"@id\":\"https:\/\/marmoleslamontana.es\/index.php\/services\/#primaryimage\"},\"thumbnailUrl\":\"http:\/\/marmoleslamontana.es\/wp-content\/uploads\/2023\/04\/systems.png\",\"datePublished\":\"2020-05-12T03:43:04+00:00\",\"dateModified\":\"2023-09-15T09:01:04+00:00\",\"description\":\"Encimeras de M\u00e1rmol en Santa Cruz de Tenerife. Ofrecemos m\u00e1rmol de alta calidad y asesoramiento personalizado para transformar tus espacios.\",\"breadcrumb\":{\"@id\":\"https:\/\/marmoleslamontana.es\/index.php\/services\/#breadcrumb\"},\"inLanguage\":\"es\",\"potentialAction\":[{\"@type\":\"ReadAction\",\"target\":[\"https:\/\/marmoleslamontana.es\/index.php\/services\/\"]}]},{\"@type\":\"ImageObject\",\"inLanguage\":\"es\",\"@id\":\"https:\/\/marmoleslamontana.es\/index.php\/services\/#primaryimage\",\"url\":\"http:\/\/marmoleslamontana.es\/wp-content\/uploads\/2023\/04\/systems.png\",\"contentUrl\":\"http:\/\/marmoleslamontana.es\/wp-content\/uploads\/2023\/04\/systems.png\"},{\"@type\":\"BreadcrumbList\",\"@id\":\"https:\/\/marmoleslamontana.es\/index.php\/services\/#breadcrumb\",\"itemListElement\":[{\"@type\":\"ListItem\",\"position\":1,\"name\":\"Portada\",\"item\":\"https:\/\/marmoleslamontana.es\/\"},{\"@type\":\"ListItem\",\"position\":2,\"name\":\"Servicios\"}]},{\"@type\":\"WebSite\",\"@id\":\"https:\/\/marmoleslamontana.es\/#website\",\"url\":\"https:\/\/marmoleslamontana.es\/\",\"name\":\"Marmoles La Monta\u00f1a\",\"description\":\"\",\"publisher\":{\"@id\":\"https:\/\/marmoleslamontana.es\/#organization\"},\"potentialAction\":[{\"@type\":\"SearchAction\",\"target\":{\"@type\":\"EntryPoint\",\"urlTemplate\":\"https:\/\/marmoleslamontana.es\/?s={search_term_string}\"},\"query-input\":{\"@type\":\"PropertyValueSpecification\",\"valueRequired\":true,\"valueName\":\"search_term_string\"}}],\"inLanguage\":\"es\"},{\"@type\":\"Organization\",\"@id\":\"https:\/\/marmoleslamontana.es\/#organization\",\"name\":\"Marmoles La Monta\u00f1a\",\"url\":\"https:\/\/marmoleslamontana.es\/\",\"logo\":{\"@type\":\"ImageObject\",\"inLanguage\":\"es\",\"@id\":\"https:\/\/marmoleslamontana.es\/#\/schema\/logo\/image\/\",\"url\":\"https:\/\/marmoleslamontana.es\/wp-content\/uploads\/2023\/03\/Logo_marmoles_la_montana-removebg-preview.png\",\"contentUrl\":\"https:\/\/marmoleslamontana.es\/wp-content\/uploads\/2023\/03\/Logo_marmoles_la_montana-removebg-preview.png\",\"width\":555,\"height\":450,\"caption\":\"Marmoles La Monta\u00f1a\"},\"image\":{\"@id\":\"https:\/\/marmoleslamontana.es\/#\/schema\/logo\/image\/\"}}]}<\/script>\n<!-- \/ Yoast SEO plugin. -->","yoast_head_json":{"title":"Encimeras de M\u00e1rmol en Santa Cruz de Tenerife - Marmoles La Monta\u00f1a","description":"Encimeras de M\u00e1rmol en Santa Cruz de Tenerife. Ofrecemos m\u00e1rmol de alta calidad y asesoramiento personalizado para transformar tus espacios.","robots":{"index":"index","follow":"follow","max-snippet":"max-snippet:-1","max-image-preview":"max-image-preview:large","max-video-preview":"max-video-preview:-1"},"canonical":"https:\/\/marmoleslamontana.es\/index.php\/services\/","og_locale":"es_ES","og_type":"article","og_title":"Encimeras de M\u00e1rmol en Santa Cruz de Tenerife - Marmoles La Monta\u00f1a","og_description":"Encimeras de M\u00e1rmol en Santa Cruz de Tenerife. Ofrecemos m\u00e1rmol de alta calidad y asesoramiento personalizado para transformar tus espacios.","og_url":"https:\/\/marmoleslamontana.es\/index.php\/services\/","og_site_name":"Marmoles La Monta\u00f1a","article_modified_time":"2023-09-15T09:01:04+00:00","og_image":[{"url":"http:\/\/marmoleslamontana.es\/wp-content\/uploads\/2023\/04\/systems.png","type":"","width":"","height":""}],"twitter_card":"summary_large_image","twitter_misc":{"Tiempo de lectura":"4 minutos"},"schema":{"@context":"https:\/\/schema.org","@graph":[{"@type":"WebPage","@id":"https:\/\/marmoleslamontana.es\/index.php\/services\/","url":"https:\/\/marmoleslamontana.es\/index.php\/services\/","name":"Encimeras de M\u00e1rmol en Santa Cruz de Tenerife - Marmoles La Monta\u00f1a","isPartOf":{"@id":"https:\/\/marmoleslamontana.es\/#website"},"primaryImageOfPage":{"@id":"https:\/\/marmoleslamontana.es\/index.php\/services\/#primaryimage"},"image":{"@id":"https:\/\/marmoleslamontana.es\/index.php\/services\/#primaryimage"},"thumbnailUrl":"http:\/\/marmoleslamontana.es\/wp-content\/uploads\/2023\/04\/systems.png","datePublished":"2020-05-12T03:43:04+00:00","dateModified":"2023-09-15T09:01:04+00:00","description":"Encimeras de M\u00e1rmol en Santa Cruz de Tenerife. Ofrecemos m\u00e1rmol de alta calidad y asesoramiento personalizado para transformar tus espacios.","breadcrumb":{"@id":"https:\/\/marmoleslamontana.es\/index.php\/services\/#breadcrumb"},"inLanguage":"es","potentialAction":[{"@type":"ReadAction","target":["https:\/\/marmoleslamontana.es\/index.php\/services\/"]}]},{"@type":"ImageObject","inLanguage":"es","@id":"https:\/\/marmoleslamontana.es\/index.php\/services\/#primaryimage","url":"http:\/\/marmoleslamontana.es\/wp-content\/uploads\/2023\/04\/systems.png","contentUrl":"http:\/\/marmoleslamontana.es\/wp-content\/uploads\/2023\/04\/systems.png"},{"@type":"BreadcrumbList","@id":"https:\/\/marmoleslamontana.es\/index.php\/services\/#breadcrumb","itemListElement":[{"@type":"ListItem","position":1,"name":"Portada","item":"https:\/\/marmoleslamontana.es\/"},{"@type":"ListItem","position":2,"name":"Servicios"}]},{"@type":"WebSite","@id":"https:\/\/marmoleslamontana.es\/#website","url":"https:\/\/marmoleslamontana.es\/","name":"Marmoles La Monta\u00f1a","description":"","publisher":{"@id":"https:\/\/marmoleslamontana.es\/#organization"},"potentialAction":[{"@type":"SearchAction","target":{"@type":"EntryPoint","urlTemplate":"https:\/\/marmoleslamontana.es\/?s={search_term_string}"},"query-input":{"@type":"PropertyValueSpecification","valueRequired":true,"valueName":"search_term_string"}}],"inLanguage":"es"},{"@type":"Organization","@id":"https:\/\/marmoleslamontana.es\/#organization","name":"Marmoles La Monta\u00f1a","url":"https:\/\/marmoleslamontana.es\/","logo":{"@type":"ImageObject","inLanguage":"es","@id":"https:\/\/marmoleslamontana.es\/#\/schema\/logo\/image\/","url":"https:\/\/marmoleslamontana.es\/wp-content\/uploads\/2023\/03\/Logo_marmoles_la_montana-removebg-preview.png","contentUrl":"https:\/\/marmoleslamontana.es\/wp-content\/uploads\/2023\/03\/Logo_marmoles_la_montana-removebg-preview.png","width":555,"height":450,"caption":"Marmoles La Monta\u00f1a"},"image":{"@id":"https:\/\/marmoleslamontana.es\/#\/schema\/logo\/image\/"}}]}},"uagb_featured_image_src":{"full":false,"thumbnail":false,"medium":false,"medium_large":false,"large":false,"1536x1536":false,"2048x2048":false},"uagb_author_info":{"display_name":"administrador","author_link":"https:\/\/marmoleslamontana.es\/index.php\/author\/administrador\/"},"uagb_comment_info":0,"uagb_excerpt":"Encimeras de m\u00e1rmol en Santa Cruz de Tenerife Nuestros servicios Bienvenidos a M\u00e1rmoles la Monta\u00f1a, tu fuente confiable para encimeras de m\u00e1rmol en Santa Cruz de Tenerife. Nuestra empresa se especializa en ofrecer soluciones de m\u00e1rmol excepcionales que transforman tus espacios en verdaderas obras maestras de la arquitectura. Con una pasi\u00f3n por el dise\u00f1o y&hellip;","_links":{"self":[{"href":"https:\/\/marmoleslamontana.es\/index.php\/wp-json\/wp\/v2\/pages\/219","targetHints":{"allow":["GET"]}}],"collection":[{"href":"https:\/\/marmoleslamontana.es\/index.php\/wp-json\/wp\/v2\/pages"}],"about":[{"href":"https:\/\/marmoleslamontana.es\/index.php\/wp-json\/wp\/v2\/types\/page"}],"author":[{"embeddable":true,"href":"https:\/\/marmoleslamontana.es\/index.php\/wp-json\/wp\/v2\/users\/1"}],"replies":[{"embeddable":true,"href":"https:\/\/marmoleslamontana.es\/index.php\/wp-json\/wp\/v2\/comments?post=219"}],"version-history":[{"count":8,"href":"https:\/\/marmoleslamontana.es\/index.php\/wp-json\/wp\/v2\/pages\/219\/revisions"}],"predecessor-version":[{"id":1153,"href":"https:\/\/marmoleslamontana.es\/index.php\/wp-json\/wp\/v2\/pages\/219\/revisions\/1153"}],"wp:attachment":[{"href":"https:\/\/marmoleslamontana.es\/index.php\/wp-json\/wp\/v2\/media?parent=219"}],"curies":[{"name":"wp","href":"https:\/\/api.w.org\/{rel}","templated":true}]}}