{"id":218,"date":"2020-05-12T03:43:04","date_gmt":"2020-05-12T03:43:04","guid":{"rendered":"https:\/\/marmoleslamontana.es\/index.php\/about\/"},"modified":"2023-09-15T08:52:59","modified_gmt":"2023-09-15T08:52:59","slug":"about","status":"publish","type":"page","link":"https:\/\/marmoleslamontana.es\/index.php\/about\/","title":{"rendered":"Sobre Nosotros"},"content":{"rendered":"\n<div class=\"wp-block-uagb-container uagb-block-243c470a alignfull uagb-is-root-container\"><div class=\"uagb-container-inner-blocks-wrap\">\n<div class=\"wp-block-uagb-advanced-heading uagb-block-65a3e491\"><h1 class=\"uagb-heading-text\">Sobre nosotros<\/h1><\/div>\n<\/div><\/div>\n\n\n\n<div class=\"inherit-container-width wp-block-group alignfull has-background is-layout-constrained wp-block-group-is-layout-constrained\" style=\"background-color:#171717\">\n<div class=\"wp-block-columns is-layout-flex wp-container-core-columns-is-layout-28f84493 wp-block-columns-is-layout-flex\">\n<div class=\"wp-block-column is-vertically-aligned-top is-layout-flow wp-block-column-is-layout-flow\">\n<h2 class=\"wp-block-heading has-text-color\" style=\"color:#ffffff\">Quienes somos?<\/h2>\n\n\n\n<p class=\"has-ast-global-color-5-color has-text-color\">En Marmoles La Monta\u00f1a, estamos comprometidos en transformar tus espacios en obras de arte \u00fanicas y espectaculares. Nos enorgullecemos de ofrecer una atenci\u00f3n personalizada y servicios de alta calidad a todos nuestros clientes.<\/p>\n\n\n\n<p><\/p>\n<\/div>\n\n\n\n<div class=\"wp-block-column is-layout-flow wp-block-column-is-layout-flow\">\n<h4 class=\"wp-block-heading has-text-color\" style=\"color:#ffffff\"><\/h4>\n\n\n\n<p class=\"has-text-color\" style=\"color:#d7d7d7\">Contamos con una amplia variedad de materiales de piedra natural y artificial, que incluyen granitos, silestone, m\u00e1rmoles y m\u00e1s, lo que nos permite adaptarnos a las necesidades y gustos de cada cliente, ofreciendo soluciones personalizadas y \u00fanicas.<br>La calidad es nuestra m\u00e1xima prioridad. Por eso, trabajamos con los m\u00e1s altos est\u00e1ndares de calidad y los mejores proveedores para garantizar la excelencia de nuestros productos y servicios. Adem\u00e1s, nuestro equipo de profesionales altamente capacitados y dedicados se encarga de guiar a nuestros clientes en cada etapa del proceso, desde la selecci\u00f3n del material hasta la instalaci\u00f3n y el mantenimiento.<br>Si est\u00e1s buscando transformar tus espacios con un toque de elegancia y durabilidad, en Marmoles La Monta\u00f1a te ofrecemos soluciones personalizadas para hacer realidad tus proyectos de dise\u00f1o. \u00a1No esperes m\u00e1s para descubrir todo lo que podemos hacer por ti! Cont\u00e1ctanos hoy mismo y empieza a vivir la experiencia.<\/p>\n<\/div>\n<\/div>\n<\/div>\n","protected":false},"excerpt":{"rendered":"<p>Sobre nosotros Quienes somos? En Marmoles La Monta\u00f1a, estamos comprometidos en transformar tus espacios en obras de arte \u00fanicas y espectaculares. Nos enorgullecemos de ofrecer una atenci\u00f3n personalizada y servicios de alta calidad a todos nuestros clientes. Contamos con una amplia variedad de materiales de piedra natural y artificial, que incluyen granitos, silestone, m\u00e1rmoles y &hellip;<\/p>\n<p class=\"read-more\"> <a class=\"\" href=\"https:\/\/marmoleslamontana.es\/index.php\/about\/\"> <span class=\"screen-reader-text\">Sobre Nosotros<\/span> Leer m\u00e1s &raquo;<\/a><\/p>\n","protected":false},"author":1,"featured_media":0,"parent":0,"menu_order":0,"comment_status":"closed","ping_status":"closed","template":"","meta":{"_uag_custom_page_level_css":"","site-sidebar-layout":"no-sidebar","site-content-layout":"plain-container","ast-global-header-display":"","ast-main-header-display":"","ast-hfb-above-header-display":"","ast-hfb-below-header-display":"","ast-hfb-mobile-header-display":"","site-post-title":"disabled","ast-breadcrumbs-content":"","ast-featured-img":"disabled","footer-sml-layout":"","theme-transparent-header-meta":"enabled","adv-header-id-meta":"","stick-header-meta":"","header-above-stick-meta":"","header-main-stick-meta":"","header-below-stick-meta":"","footnotes":""},"class_list":["post-218","page","type-page","status-publish","hentry"],"yoast_head":"<!-- This site is optimized with the Yoast SEO plugin v24.2 - https:\/\/yoast.com\/wordpress\/plugins\/seo\/ -->\n<title>Sobre Nosotros - Marmoles La Monta\u00f1a<\/title>\n<meta name=\"robots\" content=\"index, follow, max-snippet:-1, max-image-preview:large, max-video-preview:-1\" \/>\n<link rel=\"canonical\" href=\"https:\/\/marmoleslamontana.es\/index.php\/about\/\" \/>\n<meta property=\"og:locale\" content=\"es_ES\" \/>\n<meta property=\"og:type\" content=\"article\" \/>\n<meta property=\"og:title\" content=\"Sobre Nosotros - Marmoles La Monta\u00f1a\" \/>\n<meta property=\"og:description\" content=\"Sobre nosotros Quienes somos? En Marmoles La Monta\u00f1a, estamos comprometidos en transformar tus espacios en obras de arte \u00fanicas y espectaculares. Nos enorgullecemos de ofrecer una atenci\u00f3n personalizada y servicios de alta calidad a todos nuestros clientes. Contamos con una amplia variedad de materiales de piedra natural y artificial, que incluyen granitos, silestone, m\u00e1rmoles y &hellip; Sobre Nosotros Leer m\u00e1s &raquo;\" \/>\n<meta property=\"og:url\" content=\"https:\/\/marmoleslamontana.es\/index.php\/about\/\" \/>\n<meta property=\"og:site_name\" content=\"Marmoles La Monta\u00f1a\" \/>\n<meta property=\"article:modified_time\" content=\"2023-09-15T08:52:59+00:00\" \/>\n<meta name=\"twitter:card\" content=\"summary_large_image\" \/>\n<meta name=\"twitter:label1\" content=\"Tiempo de lectura\" \/>\n\t<meta name=\"twitter:data1\" content=\"1 minuto\" \/>\n<script type=\"application\/ld+json\" class=\"yoast-schema-graph\">{\"@context\":\"https:\/\/schema.org\",\"@graph\":[{\"@type\":\"WebPage\",\"@id\":\"https:\/\/marmoleslamontana.es\/index.php\/about\/\",\"url\":\"https:\/\/marmoleslamontana.es\/index.php\/about\/\",\"name\":\"Sobre Nosotros - Marmoles La Monta\u00f1a\",\"isPartOf\":{\"@id\":\"https:\/\/marmoleslamontana.es\/#website\"},\"datePublished\":\"2020-05-12T03:43:04+00:00\",\"dateModified\":\"2023-09-15T08:52:59+00:00\",\"breadcrumb\":{\"@id\":\"https:\/\/marmoleslamontana.es\/index.php\/about\/#breadcrumb\"},\"inLanguage\":\"es\",\"potentialAction\":[{\"@type\":\"ReadAction\",\"target\":[\"https:\/\/marmoleslamontana.es\/index.php\/about\/\"]}]},{\"@type\":\"BreadcrumbList\",\"@id\":\"https:\/\/marmoleslamontana.es\/index.php\/about\/#breadcrumb\",\"itemListElement\":[{\"@type\":\"ListItem\",\"position\":1,\"name\":\"Portada\",\"item\":\"https:\/\/marmoleslamontana.es\/\"},{\"@type\":\"ListItem\",\"position\":2,\"name\":\"Sobre Nosotros\"}]},{\"@type\":\"WebSite\",\"@id\":\"https:\/\/marmoleslamontana.es\/#website\",\"url\":\"https:\/\/marmoleslamontana.es\/\",\"name\":\"Marmoles La Monta\u00f1a\",\"description\":\"\",\"publisher\":{\"@id\":\"https:\/\/marmoleslamontana.es\/#organization\"},\"potentialAction\":[{\"@type\":\"SearchAction\",\"target\":{\"@type\":\"EntryPoint\",\"urlTemplate\":\"https:\/\/marmoleslamontana.es\/?s={search_term_string}\"},\"query-input\":{\"@type\":\"PropertyValueSpecification\",\"valueRequired\":true,\"valueName\":\"search_term_string\"}}],\"inLanguage\":\"es\"},{\"@type\":\"Organization\",\"@id\":\"https:\/\/marmoleslamontana.es\/#organization\",\"name\":\"Marmoles La Monta\u00f1a\",\"url\":\"https:\/\/marmoleslamontana.es\/\",\"logo\":{\"@type\":\"ImageObject\",\"inLanguage\":\"es\",\"@id\":\"https:\/\/marmoleslamontana.es\/#\/schema\/logo\/image\/\",\"url\":\"https:\/\/marmoleslamontana.es\/wp-content\/uploads\/2023\/03\/Logo_marmoles_la_montana-removebg-preview.png\",\"contentUrl\":\"https:\/\/marmoleslamontana.es\/wp-content\/uploads\/2023\/03\/Logo_marmoles_la_montana-removebg-preview.png\",\"width\":555,\"height\":450,\"caption\":\"Marmoles La Monta\u00f1a\"},\"image\":{\"@id\":\"https:\/\/marmoleslamontana.es\/#\/schema\/logo\/image\/\"}}]}<\/script>\n<!-- \/ Yoast SEO plugin. -->","yoast_head_json":{"title":"Sobre Nosotros - Marmoles La Monta\u00f1a","robots":{"index":"index","follow":"follow","max-snippet":"max-snippet:-1","max-image-preview":"max-image-preview:large","max-video-preview":"max-video-preview:-1"},"canonical":"https:\/\/marmoleslamontana.es\/index.php\/about\/","og_locale":"es_ES","og_type":"article","og_title":"Sobre Nosotros - Marmoles La Monta\u00f1a","og_description":"Sobre nosotros Quienes somos? En Marmoles La Monta\u00f1a, estamos comprometidos en transformar tus espacios en obras de arte \u00fanicas y espectaculares. Nos enorgullecemos de ofrecer una atenci\u00f3n personalizada y servicios de alta calidad a todos nuestros clientes. Contamos con una amplia variedad de materiales de piedra natural y artificial, que incluyen granitos, silestone, m\u00e1rmoles y &hellip; Sobre Nosotros Leer m\u00e1s &raquo;","og_url":"https:\/\/marmoleslamontana.es\/index.php\/about\/","og_site_name":"Marmoles La Monta\u00f1a","article_modified_time":"2023-09-15T08:52:59+00:00","twitter_card":"summary_large_image","twitter_misc":{"Tiempo de lectura":"1 minuto"},"schema":{"@context":"https:\/\/schema.org","@graph":[{"@type":"WebPage","@id":"https:\/\/marmoleslamontana.es\/index.php\/about\/","url":"https:\/\/marmoleslamontana.es\/index.php\/about\/","name":"Sobre Nosotros - Marmoles La Monta\u00f1a","isPartOf":{"@id":"https:\/\/marmoleslamontana.es\/#website"},"datePublished":"2020-05-12T03:43:04+00:00","dateModified":"2023-09-15T08:52:59+00:00","breadcrumb":{"@id":"https:\/\/marmoleslamontana.es\/index.php\/about\/#breadcrumb"},"inLanguage":"es","potentialAction":[{"@type":"ReadAction","target":["https:\/\/marmoleslamontana.es\/index.php\/about\/"]}]},{"@type":"BreadcrumbList","@id":"https:\/\/marmoleslamontana.es\/index.php\/about\/#breadcrumb","itemListElement":[{"@type":"ListItem","position":1,"name":"Portada","item":"https:\/\/marmoleslamontana.es\/"},{"@type":"ListItem","position":2,"name":"Sobre Nosotros"}]},{"@type":"WebSite","@id":"https:\/\/marmoleslamontana.es\/#website","url":"https:\/\/marmoleslamontana.es\/","name":"Marmoles La Monta\u00f1a","description":"","publisher":{"@id":"https:\/\/marmoleslamontana.es\/#organization"},"potentialAction":[{"@type":"SearchAction","target":{"@type":"EntryPoint","urlTemplate":"https:\/\/marmoleslamontana.es\/?s={search_term_string}"},"query-input":{"@type":"PropertyValueSpecification","valueRequired":true,"valueName":"search_term_string"}}],"inLanguage":"es"},{"@type":"Organization","@id":"https:\/\/marmoleslamontana.es\/#organization","name":"Marmoles La Monta\u00f1a","url":"https:\/\/marmoleslamontana.es\/","logo":{"@type":"ImageObject","inLanguage":"es","@id":"https:\/\/marmoleslamontana.es\/#\/schema\/logo\/image\/","url":"https:\/\/marmoleslamontana.es\/wp-content\/uploads\/2023\/03\/Logo_marmoles_la_montana-removebg-preview.png","contentUrl":"https:\/\/marmoleslamontana.es\/wp-content\/uploads\/2023\/03\/Logo_marmoles_la_montana-removebg-preview.png","width":555,"height":450,"caption":"Marmoles La Monta\u00f1a"},"image":{"@id":"https:\/\/marmoleslamontana.es\/#\/schema\/logo\/image\/"}}]}},"uagb_featured_image_src":{"full":false,"thumbnail":false,"medium":false,"medium_large":false,"large":false,"1536x1536":false,"2048x2048":false},"uagb_author_info":{"display_name":"administrador","author_link":"https:\/\/marmoleslamontana.es\/index.php\/author\/administrador\/"},"uagb_comment_info":0,"uagb_excerpt":"Sobre nosotros Quienes somos? En Marmoles La Monta\u00f1a, estamos comprometidos en transformar tus espacios en obras de arte \u00fanicas y espectaculares. Nos enorgullecemos de ofrecer una atenci\u00f3n personalizada y servicios de alta calidad a todos nuestros clientes. Contamos con una amplia variedad de materiales de piedra natural y artificial, que incluyen granitos, silestone, m\u00e1rmoles y&hellip;","_links":{"self":[{"href":"https:\/\/marmoleslamontana.es\/index.php\/wp-json\/wp\/v2\/pages\/218","targetHints":{"allow":["GET"]}}],"collection":[{"href":"https:\/\/marmoleslamontana.es\/index.php\/wp-json\/wp\/v2\/pages"}],"about":[{"href":"https:\/\/marmoleslamontana.es\/index.php\/wp-json\/wp\/v2\/types\/page"}],"author":[{"embeddable":true,"href":"https:\/\/marmoleslamontana.es\/index.php\/wp-json\/wp\/v2\/users\/1"}],"replies":[{"embeddable":true,"href":"https:\/\/marmoleslamontana.es\/index.php\/wp-json\/wp\/v2\/comments?post=218"}],"version-history":[{"count":15,"href":"https:\/\/marmoleslamontana.es\/index.php\/wp-json\/wp\/v2\/pages\/218\/revisions"}],"predecessor-version":[{"id":1152,"href":"https:\/\/marmoleslamontana.es\/index.php\/wp-json\/wp\/v2\/pages\/218\/revisions\/1152"}],"wp:attachment":[{"href":"https:\/\/marmoleslamontana.es\/index.php\/wp-json\/wp\/v2\/media?parent=218"}],"curies":[{"name":"wp","href":"https:\/\/api.w.org\/{rel}","templated":true}]}}