{"id":217,"date":"2020-05-12T03:43:03","date_gmt":"2020-05-12T03:43:03","guid":{"rendered":"https:\/\/marmoleslamontana.es\/index.php\/home\/"},"modified":"2026-05-04T09:44:02","modified_gmt":"2026-05-04T09:44:02","slug":"home","status":"publish","type":"page","link":"https:\/\/marmoleslamontana.es\/","title":{"rendered":"Inicio"},"content":{"rendered":"\n<div class=\"wp-block-uagb-container uagb-block-d3f7e766 alignfull uagb-is-root-container\"><div class=\"uagb-container-inner-blocks-wrap\">\n<div class=\"wp-block-uagb-info-box uagb-block-e6f67fb3 uagb-infobox__content-wrap  uagb-infobox-icon-above-title uagb-infobox-image-valign-top\"><div class=\"uagb-ifb-content\"><div class=\"uagb-ifb-title-wrap\"><span class=\"uagb-ifb-title-prefix\">\u200b<\/span><\/div><\/div><\/div>\n\n\n\n<div class=\"wp-block-uagb-buttons uagb-buttons__outer-wrap uagb-btn__default-btn uagb-btn-tablet__default-btn uagb-btn-mobile__default-btn uagb-block-2dee71ba\"><div class=\"uagb-buttons__wrap uagb-buttons-layout-wrap \">\n<div class=\"wp-block-uagb-buttons-child uagb-buttons__outer-wrap uagb-block-eeda0f37 wp-block-button\"><div class=\"uagb-button__wrapper\"><a class=\"uagb-buttons-repeater wp-block-button__link\" aria-label=\"\" href=\"https:\/\/marmoleslamontana.es\/index.php\/contact\/\" rel=\"follow noopener\" target=\"_self\" role=\"button\"><div class=\"uagb-button__link\">SOLICITAR PRESUPUESTO<\/div><span class=\"uagb-button__icon uagb-button__icon-position-after\"><svg xmlns=\"https:\/\/www.w3.org\/2000\/svg\" viewBox=\"0 0 448 512\" aria-hidden=\"true\" focussable=\"false\"><path d=\"M438.6 278.6l-160 160C272.4 444.9 264.2 448 256 448s-16.38-3.125-22.62-9.375c-12.5-12.5-12.5-32.75 0-45.25L338.8 288H32C14.33 288 .0016 273.7 .0016 256S14.33 224 32 224h306.8l-105.4-105.4c-12.5-12.5-12.5-32.75 0-45.25s32.75-12.5 45.25 0l160 160C451.1 245.9 451.1 266.1 438.6 278.6z\"><\/path><\/svg><\/span><\/a><\/div><\/div>\n<\/div><\/div>\n<\/div><\/div>\n\n\n\n<p><\/p>\n\n\n\n<h2 class=\"wp-block-heading has-text-align-center\"><strong>M\u00e1rmoles en Santa Cruz de Tenerife<\/strong><\/h2>\n\n\n\n<p class=\"has-text-align-center\"><strong> Somos expertos en transformar cualquier espacio con la belleza y durabilidad que solo la piedra puede ofrecer. Con m\u00e1s de 35 a\u00f1os de experiencia en el sector y una amplia variedad de materiales, te ofrecemos soluciones personalizadas para cualquier proyecto. Descubre por qu\u00e9 somos la elecci\u00f3n perfecta para dar vida a tus espacios.<\/strong><\/p>\n\n\n\n<p><\/p>\n\n\n\n<p><\/p>\n\n\n\n<p><\/p>\n\n\n\n<h3 class=\"wp-block-heading has-text-align-center\">Marmolistas en Santa Cruz de Tenerife<\/h3>\n\n\n\n<h3 class=\"wp-block-heading has-text-align-center\"><strong>Transformando espacios con belleza y durabilidad<\/strong><\/h3>\n\n\n\n<p>Bienvenido a M\u00e1rmoles la Monta\u00f1a en Santa Cruz de Tenerife. M\u00e1rmoles la Monta\u00f1a es la principal elecci\u00f3n cuando se trata de <strong>m\u00e1rmol de alta calidad en Santa Cruz de Tenerife<\/strong>. Con a\u00f1os de experiencia en la industria de la piedra natural, nos hemos ganado la reputaci\u00f3n de ser l\u00edderes en la fabricaci\u00f3n e instalaci\u00f3n de encimeras y revestimientos de m\u00e1rmol. Nuestra dedicaci\u00f3n a la excelencia y nuestro compromiso con la satisfacci\u00f3n del cliente nos han convertido en la opci\u00f3n preferida para proyectos de m\u00e1rmol en Santa Cruz de Tenerife y sus alrededores. <\/p>\n\n\n\n<p>En M\u00e1rmoles la Monta\u00f1a, entendemos que el m\u00e1rmol es mucho m\u00e1s que un simple material de construcci\u00f3n. Es una obra de arte en s\u00ed mismo, y nuestros expertos en m\u00e1rmol est\u00e1n dedicados a aprovechar al m\u00e1ximo su belleza y versatilidad. Ya sea que necesite encimeras de m\u00e1rmol para su cocina o ba\u00f1o, o est\u00e9 buscando revestimientos elegantes para su hogar o negocio, estamos aqu\u00ed para hacer realidad sus sue\u00f1os de dise\u00f1o.<\/p>\n\n\n\n<h3 class=\"wp-block-heading has-text-align-center\"><strong>Servicios destacados<\/strong><\/h3>\n\n\n\n<div class=\"wp-block-uagb-container uagb-block-ad83403a alignfull uagb-is-root-container\"><div class=\"uagb-container-inner-blocks-wrap\">\n<div class=\"wp-block-uagb-container uagb-block-37d57d5e\">\n<div class=\"wp-block-uagb-advanced-heading uagb-block-f115a910\"><h2 class=\"uagb-heading-text\">Selecci\u00f3n de materiales de alta calidad<\/h2><\/div>\n<\/div>\n\n\n\n<div class=\"wp-block-uagb-container uagb-block-6ea69a83\">\n<div class=\"wp-block-uagb-advanced-heading uagb-block-7267fefd\"><h2 class=\"uagb-heading-text\">Fabricaci\u00f3n e instalaci\u00f3n de encimeras y revestimientos<\/h2><\/div>\n<\/div>\n\n\n\n<div class=\"wp-block-uagb-container uagb-block-026ff88f\">\n<div class=\"wp-block-uagb-advanced-heading uagb-block-92ae9674\"><h2 class=\"uagb-heading-text\">Asesoramiento personalizado<\/h2><\/div>\n<\/div>\n<\/div><\/div>\n\n\n\n<h2 class=\"wp-block-heading has-text-align-center\"><strong>Fabricaci\u00f3n e Instalaci\u00f3n de Encimeras de M\u00e1rmol<\/strong><\/h2>\n\n\n\n<p>Nuestro equipo altamente capacitado se especializa en la <strong>fabricaci\u00f3n e instalaci\u00f3n de encimeras de m\u00e1rmol a medida<\/strong>. Utilizamos tecnolog\u00eda de vanguardia y t\u00e9cnicas artesanales para garantizar que cada pieza sea perfecta en t\u00e9rminos de calidad y est\u00e9tica. Ya sea que prefiera un dise\u00f1o cl\u00e1sico o moderno, podemos personalizar encimeras de m\u00e1rmol que se adapten perfectamente a su espacio y estilo.<\/p>\n\n\n\n<h2 class=\"wp-block-heading has-text-align-center\"><strong>Revestimientos de M\u00e1rmol de Lujo<\/strong><\/h2>\n\n\n\n<p>Los revestimientos de m\u00e1rmol son una forma elegante y atemporal de embellecer su hogar u oficina. En M\u00e1rmoles la Monta\u00f1a, ofrecemos una amplia gama de opciones de revestimientos de m\u00e1rmol, desde patrones cl\u00e1sicos hasta dise\u00f1os contempor\u00e1neos. Nuestro equipo de instalaci\u00f3n experimentado garantiza una colocaci\u00f3n precisa y un resultado final impresionante. En M\u00e1rmoles la Monta\u00f1a, creemos en ofrecer m\u00e1rmol de la m\u00e1s alta calidad que resistir\u00e1 la prueba del tiempo. Nos asociamos con proveedores de confianza para obtener las mejores losas de m\u00e1rmol y utilizamos t\u00e9cnicas de fabricaci\u00f3n avanzadas para garantizar la durabilidad y la longevidad de nuestros productos.<\/p>\n\n\n\n<p><\/p>\n\n\n\n<div class=\"wp-block-uagb-container uagb-block-36bc52bd alignfull uagb-is-root-container\"><div class=\"uagb-container-inner-blocks-wrap\">\n<div class=\"wp-block-uagb-container uagb-block-1898377b\">\n<div class=\"wp-block-uagb-advanced-heading uagb-block-11c51cb1\"><h2 class=\"uagb-heading-text\">Descubre las cosas incre\u00edbles que tenemos para ti<\/h2><\/div>\n<\/div>\n\n\n\n<div class=\"wp-block-uagb-container uagb-block-9ee80c37\">\n<div class=\"wp-block-uagb-advanced-heading uagb-block-2023c7e3\"><p class=\"uagb-desc-text\">En M\u00e1rmoles la Monta\u00f1a, no hablamos en t\u00e9rminos de nosotros, sino de ti. Te ofrecemos una experiencia \u00fanica y personalizada, para que puedas transformar tus espacios en algo especial. Descubre todo lo que podemos hacer por ti con nuestros revestimientos y asesoramiento personalizado<\/p><\/div>\n\n\n\n<div class=\"wp-block-uagb-buttons uagb-buttons__outer-wrap uagb-btn__default-btn uagb-btn-tablet__default-btn uagb-btn-mobile__default-btn uagb-block-889ae865\"><div class=\"uagb-buttons__wrap uagb-buttons-layout-wrap \">\n<div class=\"wp-block-uagb-buttons-child uagb-buttons__outer-wrap uagb-block-dc0c89a5 wp-block-button\"><div class=\"uagb-button__wrapper\"><a class=\"uagb-buttons-repeater wp-block-button__link\" aria-label=\"\" href=\"http:\/\/3.8.139.14\/index.php\/about\/\" rel=\"follow noopener\" target=\"_self\" role=\"button\"><div class=\"uagb-button__link\">SOBRE NOSOTROS<\/div><\/a><\/div><\/div>\n<\/div><\/div>\n<\/div>\n<\/div><\/div>\n\n\n\n<div class=\"wp-block-uagb-container uagb-block-3a8ea8ca alignfull uagb-is-root-container\"><div class=\"uagb-container-inner-blocks-wrap\">\n<div class=\"wp-block-uagb-info-box uagb-block-6603296a uagb-infobox__content-wrap  uagb-infobox-icon-above-title uagb-infobox-image-valign-top\"><div class=\"uagb-ifb-content\"><div class=\"uagb-ifb-title-wrap\"><h2 class=\"uagb-ifb-title\">Solicita Hoy Mismo tu Presupuesto<\/h2><\/div><p class=\"uagb-ifb-desc\">\u00bfEst\u00e1s listo para transformar tus espacios con la belleza y calidad de la piedra natural? En M\u00e1rmoles la Monta\u00f1a, te ofrecemos atenci\u00f3n personalizada y presupuestos adaptados a tus necesidades. Nuestro equipo de expertos te guiar\u00e1 en la selecci\u00f3n de los materiales adecuados y te brindar\u00e1 soluciones a medida para hacer realidad tus proyectos de dise\u00f1o. No esperes m\u00e1s para descubrir lo que podemos hacer por ti. \u00a1Solicita hoy mismo tu presupuesto y da el primer paso hacia la transformaci\u00f3n de tus espacios!<\/p><div class=\"uagb-ifb-button-wrapper wp-block-button\"><a href=\"http:\/\/3.8.139.14\/index.php\/contact\/\" class=\"uagb-infobox-cta-link wp-block-button__link\" target=\"_self\" rel=\"noopener noreferrer\" onclick=\"return true;\"><span class=\"uagb-inline-editing\">SOLICITAR PRESUPUESTO<\/span><\/a><\/div><\/div><\/div>\n<\/div><\/div>\n\n\n<h2 style=\"text-align: center; margin: 45px;\">Nuestras marcas<\/h2>\n\n\n<div class=\"wp-block-uagb-container uagb-block-5ec3cbb9 alignfull uagb-is-root-container\"><div class=\"uagb-container-inner-blocks-wrap\">\n<div class=\"wp-block-uagb-container uagb-block-9c6d842d alignfull uagb-is-root-container\"><div class=\"uagb-container-inner-blocks-wrap\"><\/div><\/div>\n\n\n\n<div class=\"wp-block-uagb-container uagb-block-f889e103 alignfull uagb-is-root-container\"><div class=\"uagb-container-inner-blocks-wrap\"><\/div><\/div>\n\n\n\n<div class=\"wp-block-uagb-container uagb-block-ba706894 alignfull uagb-is-root-container\"><div class=\"uagb-container-inner-blocks-wrap\"><\/div><\/div>\n<\/div><\/div>\n\n\n\n<div class=\"wp-block-uagb-container uagb-block-715b39fe alignfull uagb-is-root-container\"><div class=\"uagb-container-inner-blocks-wrap\">\n<div class=\"wp-block-uagb-container uagb-block-7337fe58 alignfull uagb-is-root-container\"><div class=\"uagb-container-inner-blocks-wrap\"><\/div><\/div>\n\n\n\n<div class=\"wp-block-uagb-container uagb-block-b25fdff3 alignfull uagb-is-root-container\"><div class=\"uagb-container-inner-blocks-wrap\"><\/div><\/div>\n\n\n\n<div class=\"wp-block-uagb-container uagb-block-2ec82822 alignfull uagb-is-root-container\"><div class=\"uagb-container-inner-blocks-wrap\"><\/div><\/div>\n<\/div><\/div>\n\n\n\n<div class=\"wp-block-uagb-container uagb-block-933757dd alignfull uagb-is-root-container\"><div class=\"uagb-container-inner-blocks-wrap\">\n<div class=\"wp-block-uagb-container uagb-block-5fa81b45 alignfull uagb-is-root-container\"><div class=\"uagb-container-inner-blocks-wrap\"><\/div><\/div>\n\n\n\n<div class=\"wp-block-uagb-container uagb-block-2aeecb87 alignfull uagb-is-root-container\"><div class=\"uagb-container-inner-blocks-wrap\"><\/div><\/div>\n\n\n\n<div class=\"wp-block-uagb-container uagb-block-35afc56c alignfull uagb-is-root-container\"><div class=\"uagb-container-inner-blocks-wrap\"><\/div><\/div>\n<\/div><\/div>\n\n\n\n<figure class=\"wp-block-image alignfull size-large\"><img loading=\"lazy\" decoding=\"async\" width=\"1024\" height=\"153\" src=\"https:\/\/marmoleslamontana.es\/wp-content\/uploads\/2023\/09\/kit-digital-Logo-digitalizadores-1024x153.jpg\" alt=\"\" class=\"wp-image-1142\" srcset=\"https:\/\/marmoleslamontana.es\/wp-content\/uploads\/2023\/09\/kit-digital-Logo-digitalizadores-1024x153.jpg 1024w, https:\/\/marmoleslamontana.es\/wp-content\/uploads\/2023\/09\/kit-digital-Logo-digitalizadores-300x45.jpg 300w, https:\/\/marmoleslamontana.es\/wp-content\/uploads\/2023\/09\/kit-digital-Logo-digitalizadores-768x115.jpg 768w, https:\/\/marmoleslamontana.es\/wp-content\/uploads\/2023\/09\/kit-digital-Logo-digitalizadores.jpg 1463w\" sizes=\"auto, (max-width: 1024px) 100vw, 1024px\" \/><\/figure>\n","protected":false},"excerpt":{"rendered":"<p>M\u00e1rmoles en Santa Cruz de Tenerife Somos expertos en transformar cualquier espacio con la belleza y durabilidad que solo la piedra puede ofrecer. Con m\u00e1s de 35 a\u00f1os de experiencia en el sector y una amplia variedad de materiales, te ofrecemos soluciones personalizadas para cualquier proyecto. Descubre por qu\u00e9 somos la elecci\u00f3n perfecta para dar &hellip;<\/p>\n<p class=\"read-more\"> <a class=\"\" href=\"https:\/\/marmoleslamontana.es\/\"> <span class=\"screen-reader-text\">Inicio<\/span> Leer m\u00e1s &raquo;<\/a><\/p>\n","protected":false},"author":1,"featured_media":0,"parent":0,"menu_order":0,"comment_status":"closed","ping_status":"closed","template":"","meta":{"_uag_custom_page_level_css":"","site-sidebar-layout":"no-sidebar","site-content-layout":"plain-container","ast-global-header-display":"","ast-main-header-display":"","ast-hfb-above-header-display":"","ast-hfb-below-header-display":"","ast-hfb-mobile-header-display":"","site-post-title":"disabled","ast-breadcrumbs-content":"","ast-featured-img":"disabled","footer-sml-layout":"","theme-transparent-header-meta":"enabled","adv-header-id-meta":"","stick-header-meta":"","header-above-stick-meta":"","header-main-stick-meta":"","header-below-stick-meta":"","footnotes":""},"class_list":["post-217","page","type-page","status-publish","hentry"],"yoast_head":"<!-- This site is optimized with the Yoast SEO plugin v24.2 - https:\/\/yoast.com\/wordpress\/plugins\/seo\/ -->\n<title>M\u00e1rmoles en Santa Cruz de Tenerife - Marmoles La Monta\u00f1a<\/title>\n<meta name=\"description\" content=\"M\u00e1rmoles en Santa Cruz de Tenerife. Somos M\u00e1rmoles la Monta\u00f1a, l\u00edderes en la industria de m\u00e1rmol. Ofrecemos encimeras y revestimientos.\" \/>\n<meta name=\"robots\" content=\"index, follow, max-snippet:-1, max-image-preview:large, max-video-preview:-1\" \/>\n<link rel=\"canonical\" href=\"https:\/\/marmoleslamontana.es\/\" \/>\n<meta property=\"og:locale\" content=\"es_ES\" \/>\n<meta property=\"og:type\" content=\"article\" \/>\n<meta property=\"og:title\" content=\"M\u00e1rmoles en Santa Cruz de Tenerife - Marmoles La Monta\u00f1a\" \/>\n<meta property=\"og:description\" content=\"M\u00e1rmoles en Santa Cruz de Tenerife. Somos M\u00e1rmoles la Monta\u00f1a, l\u00edderes en la industria de m\u00e1rmol. Ofrecemos encimeras y revestimientos.\" \/>\n<meta property=\"og:url\" content=\"https:\/\/marmoleslamontana.es\/\" \/>\n<meta property=\"og:site_name\" content=\"Marmoles La Monta\u00f1a\" \/>\n<meta property=\"article:modified_time\" content=\"2026-05-04T09:44:02+00:00\" \/>\n<meta property=\"og:image\" content=\"http:\/\/marmoleslamontana.es\/wp-content\/uploads\/2023\/09\/kit-digital-Logo-digitalizadores-1024x153.jpg\" \/>\n<meta name=\"twitter:card\" content=\"summary_large_image\" \/>\n<meta name=\"twitter:label1\" content=\"Tiempo de lectura\" \/>\n\t<meta name=\"twitter:data1\" content=\"3 minutos\" \/>\n<script type=\"application\/ld+json\" class=\"yoast-schema-graph\">{\"@context\":\"https:\/\/schema.org\",\"@graph\":[{\"@type\":\"WebPage\",\"@id\":\"https:\/\/marmoleslamontana.es\/\",\"url\":\"https:\/\/marmoleslamontana.es\/\",\"name\":\"M\u00e1rmoles en Santa Cruz de Tenerife - Marmoles La Monta\u00f1a\",\"isPartOf\":{\"@id\":\"https:\/\/marmoleslamontana.es\/#website\"},\"primaryImageOfPage\":{\"@id\":\"https:\/\/marmoleslamontana.es\/#primaryimage\"},\"image\":{\"@id\":\"https:\/\/marmoleslamontana.es\/#primaryimage\"},\"thumbnailUrl\":\"http:\/\/marmoleslamontana.es\/wp-content\/uploads\/2023\/09\/kit-digital-Logo-digitalizadores-1024x153.jpg\",\"datePublished\":\"2020-05-12T03:43:03+00:00\",\"dateModified\":\"2026-05-04T09:44:02+00:00\",\"description\":\"M\u00e1rmoles en Santa Cruz de Tenerife. Somos M\u00e1rmoles la Monta\u00f1a, l\u00edderes en la industria de m\u00e1rmol. Ofrecemos encimeras y revestimientos.\",\"breadcrumb\":{\"@id\":\"https:\/\/marmoleslamontana.es\/#breadcrumb\"},\"inLanguage\":\"es\",\"potentialAction\":[{\"@type\":\"ReadAction\",\"target\":[\"https:\/\/marmoleslamontana.es\/\"]}]},{\"@type\":\"ImageObject\",\"inLanguage\":\"es\",\"@id\":\"https:\/\/marmoleslamontana.es\/#primaryimage\",\"url\":\"http:\/\/marmoleslamontana.es\/wp-content\/uploads\/2023\/09\/kit-digital-Logo-digitalizadores-1024x153.jpg\",\"contentUrl\":\"http:\/\/marmoleslamontana.es\/wp-content\/uploads\/2023\/09\/kit-digital-Logo-digitalizadores-1024x153.jpg\"},{\"@type\":\"BreadcrumbList\",\"@id\":\"https:\/\/marmoleslamontana.es\/#breadcrumb\",\"itemListElement\":[{\"@type\":\"ListItem\",\"position\":1,\"name\":\"Portada\",\"item\":\"https:\/\/marmoleslamontana.es\/\"},{\"@type\":\"ListItem\",\"position\":2,\"name\":\"Inicio\"}]},{\"@type\":\"WebSite\",\"@id\":\"https:\/\/marmoleslamontana.es\/#website\",\"url\":\"https:\/\/marmoleslamontana.es\/\",\"name\":\"Marmoles La Monta\u00f1a\",\"description\":\"\",\"publisher\":{\"@id\":\"https:\/\/marmoleslamontana.es\/#organization\"},\"potentialAction\":[{\"@type\":\"SearchAction\",\"target\":{\"@type\":\"EntryPoint\",\"urlTemplate\":\"https:\/\/marmoleslamontana.es\/?s={search_term_string}\"},\"query-input\":{\"@type\":\"PropertyValueSpecification\",\"valueRequired\":true,\"valueName\":\"search_term_string\"}}],\"inLanguage\":\"es\"},{\"@type\":\"Organization\",\"@id\":\"https:\/\/marmoleslamontana.es\/#organization\",\"name\":\"Marmoles La Monta\u00f1a\",\"url\":\"https:\/\/marmoleslamontana.es\/\",\"logo\":{\"@type\":\"ImageObject\",\"inLanguage\":\"es\",\"@id\":\"https:\/\/marmoleslamontana.es\/#\/schema\/logo\/image\/\",\"url\":\"https:\/\/marmoleslamontana.es\/wp-content\/uploads\/2023\/03\/Logo_marmoles_la_montana-removebg-preview.png\",\"contentUrl\":\"https:\/\/marmoleslamontana.es\/wp-content\/uploads\/2023\/03\/Logo_marmoles_la_montana-removebg-preview.png\",\"width\":555,\"height\":450,\"caption\":\"Marmoles La Monta\u00f1a\"},\"image\":{\"@id\":\"https:\/\/marmoleslamontana.es\/#\/schema\/logo\/image\/\"}}]}<\/script>\n<!-- \/ Yoast SEO plugin. -->","yoast_head_json":{"title":"M\u00e1rmoles en Santa Cruz de Tenerife - Marmoles La Monta\u00f1a","description":"M\u00e1rmoles en Santa Cruz de Tenerife. Somos M\u00e1rmoles la Monta\u00f1a, l\u00edderes en la industria de m\u00e1rmol. Ofrecemos encimeras y revestimientos.","robots":{"index":"index","follow":"follow","max-snippet":"max-snippet:-1","max-image-preview":"max-image-preview:large","max-video-preview":"max-video-preview:-1"},"canonical":"https:\/\/marmoleslamontana.es\/","og_locale":"es_ES","og_type":"article","og_title":"M\u00e1rmoles en Santa Cruz de Tenerife - Marmoles La Monta\u00f1a","og_description":"M\u00e1rmoles en Santa Cruz de Tenerife. Somos M\u00e1rmoles la Monta\u00f1a, l\u00edderes en la industria de m\u00e1rmol. Ofrecemos encimeras y revestimientos.","og_url":"https:\/\/marmoleslamontana.es\/","og_site_name":"Marmoles La Monta\u00f1a","article_modified_time":"2026-05-04T09:44:02+00:00","og_image":[{"url":"http:\/\/marmoleslamontana.es\/wp-content\/uploads\/2023\/09\/kit-digital-Logo-digitalizadores-1024x153.jpg","type":"","width":"","height":""}],"twitter_card":"summary_large_image","twitter_misc":{"Tiempo de lectura":"3 minutos"},"schema":{"@context":"https:\/\/schema.org","@graph":[{"@type":"WebPage","@id":"https:\/\/marmoleslamontana.es\/","url":"https:\/\/marmoleslamontana.es\/","name":"M\u00e1rmoles en Santa Cruz de Tenerife - Marmoles La Monta\u00f1a","isPartOf":{"@id":"https:\/\/marmoleslamontana.es\/#website"},"primaryImageOfPage":{"@id":"https:\/\/marmoleslamontana.es\/#primaryimage"},"image":{"@id":"https:\/\/marmoleslamontana.es\/#primaryimage"},"thumbnailUrl":"http:\/\/marmoleslamontana.es\/wp-content\/uploads\/2023\/09\/kit-digital-Logo-digitalizadores-1024x153.jpg","datePublished":"2020-05-12T03:43:03+00:00","dateModified":"2026-05-04T09:44:02+00:00","description":"M\u00e1rmoles en Santa Cruz de Tenerife. Somos M\u00e1rmoles la Monta\u00f1a, l\u00edderes en la industria de m\u00e1rmol. Ofrecemos encimeras y revestimientos.","breadcrumb":{"@id":"https:\/\/marmoleslamontana.es\/#breadcrumb"},"inLanguage":"es","potentialAction":[{"@type":"ReadAction","target":["https:\/\/marmoleslamontana.es\/"]}]},{"@type":"ImageObject","inLanguage":"es","@id":"https:\/\/marmoleslamontana.es\/#primaryimage","url":"http:\/\/marmoleslamontana.es\/wp-content\/uploads\/2023\/09\/kit-digital-Logo-digitalizadores-1024x153.jpg","contentUrl":"http:\/\/marmoleslamontana.es\/wp-content\/uploads\/2023\/09\/kit-digital-Logo-digitalizadores-1024x153.jpg"},{"@type":"BreadcrumbList","@id":"https:\/\/marmoleslamontana.es\/#breadcrumb","itemListElement":[{"@type":"ListItem","position":1,"name":"Portada","item":"https:\/\/marmoleslamontana.es\/"},{"@type":"ListItem","position":2,"name":"Inicio"}]},{"@type":"WebSite","@id":"https:\/\/marmoleslamontana.es\/#website","url":"https:\/\/marmoleslamontana.es\/","name":"Marmoles La Monta\u00f1a","description":"","publisher":{"@id":"https:\/\/marmoleslamontana.es\/#organization"},"potentialAction":[{"@type":"SearchAction","target":{"@type":"EntryPoint","urlTemplate":"https:\/\/marmoleslamontana.es\/?s={search_term_string}"},"query-input":{"@type":"PropertyValueSpecification","valueRequired":true,"valueName":"search_term_string"}}],"inLanguage":"es"},{"@type":"Organization","@id":"https:\/\/marmoleslamontana.es\/#organization","name":"Marmoles La Monta\u00f1a","url":"https:\/\/marmoleslamontana.es\/","logo":{"@type":"ImageObject","inLanguage":"es","@id":"https:\/\/marmoleslamontana.es\/#\/schema\/logo\/image\/","url":"https:\/\/marmoleslamontana.es\/wp-content\/uploads\/2023\/03\/Logo_marmoles_la_montana-removebg-preview.png","contentUrl":"https:\/\/marmoleslamontana.es\/wp-content\/uploads\/2023\/03\/Logo_marmoles_la_montana-removebg-preview.png","width":555,"height":450,"caption":"Marmoles La Monta\u00f1a"},"image":{"@id":"https:\/\/marmoleslamontana.es\/#\/schema\/logo\/image\/"}}]}},"uagb_featured_image_src":{"full":false,"thumbnail":false,"medium":false,"medium_large":false,"large":false,"1536x1536":false,"2048x2048":false},"uagb_author_info":{"display_name":"administrador","author_link":"https:\/\/marmoleslamontana.es\/index.php\/author\/administrador\/"},"uagb_comment_info":0,"uagb_excerpt":"M\u00e1rmoles en Santa Cruz de Tenerife Somos expertos en transformar cualquier espacio con la belleza y durabilidad que solo la piedra puede ofrecer. Con m\u00e1s de 35 a\u00f1os de experiencia en el sector y una amplia variedad de materiales, te ofrecemos soluciones personalizadas para cualquier proyecto. Descubre por qu\u00e9 somos la elecci\u00f3n perfecta para dar&hellip;","_links":{"self":[{"href":"https:\/\/marmoleslamontana.es\/index.php\/wp-json\/wp\/v2\/pages\/217","targetHints":{"allow":["GET"]}}],"collection":[{"href":"https:\/\/marmoleslamontana.es\/index.php\/wp-json\/wp\/v2\/pages"}],"about":[{"href":"https:\/\/marmoleslamontana.es\/index.php\/wp-json\/wp\/v2\/types\/page"}],"author":[{"embeddable":true,"href":"https:\/\/marmoleslamontana.es\/index.php\/wp-json\/wp\/v2\/users\/1"}],"replies":[{"embeddable":true,"href":"https:\/\/marmoleslamontana.es\/index.php\/wp-json\/wp\/v2\/comments?post=217"}],"version-history":[{"count":77,"href":"https:\/\/marmoleslamontana.es\/index.php\/wp-json\/wp\/v2\/pages\/217\/revisions"}],"predecessor-version":[{"id":1218,"href":"https:\/\/marmoleslamontana.es\/index.php\/wp-json\/wp\/v2\/pages\/217\/revisions\/1218"}],"wp:attachment":[{"href":"https:\/\/marmoleslamontana.es\/index.php\/wp-json\/wp\/v2\/media?parent=217"}],"curies":[{"name":"wp","href":"https:\/\/api.w.org\/{rel}","templated":true}]}}